{"id":1220,"date":"2025-05-04T11:07:08","date_gmt":"2025-05-04T09:07:08","guid":{"rendered":"https:\/\/emirateslivings.com\/?page_id=1220"},"modified":"2025-05-04T11:08:20","modified_gmt":"2025-05-04T09:08:20","slug":"impresszum","status":"publish","type":"page","link":"https:\/\/emirateslivings.com\/en\/impresszum\/","title":{"rendered":"Imprint"},"content":{"rendered":"<div data-elementor-type=\"wp-page\" data-elementor-id=\"1220\" class=\"elementor elementor-1220\" data-elementor-post-type=\"page\">\n\t\t\t\t<div class=\"elementor-element elementor-element-b9def78 e-flex e-con-boxed e-con e-parent\" data-id=\"b9def78\" data-element_type=\"container\" data-e-type=\"container\">\n\t\t\t\t\t<div class=\"e-con-inner\">\n\t\t\t\t<div class=\"elementor-element elementor-element-c3159f1 elementor-widget elementor-widget-heading\" data-id=\"c3159f1\" data-element_type=\"widget\" data-e-type=\"widget\" data-widget_type=\"heading.default\">\n\t\t\t\t<div class=\"elementor-widget-container\">\n\t\t\t\t\t<h2 class=\"elementor-heading-title elementor-size-default\">Imprint <\/h2>\t\t\t\t<\/div>\n\t\t\t\t<\/div>\n\t\t\t\t<div class=\"elementor-element elementor-element-4ed4940 elementor-widget elementor-widget-text-editor\" data-id=\"4ed4940\" data-element_type=\"widget\" data-e-type=\"widget\" data-widget_type=\"text-editor.default\">\n\t\t\t\t<div class=\"elementor-widget-container\">\n\t\t\t\t\t\t\t\t\t<table width=\"794\"><tbody><tr><td width=\"170\"><p>\u00dczemeltet\u0151:<\/p><p>C\u00e9gjegyz\u00e9k:<\/p><p>Ad\u00f3sz\u00e1m:<\/p><\/td><td width=\"623\"><p><strong>Host My Place Kft. <\/strong><\/p><p>01-09-428887<\/p><p>32527676-1-42<\/p><\/td><\/tr><tr><td width=\"170\"><p>Sz\u00e9khelye:<\/p><\/td><td width=\"623\"><p>1082 Budapest, Leonardo da Vinci utca 7., 1.\/ 14.<\/p><\/td><\/tr><tr><td width=\"170\"><p>\u00dcgyf\u00e9lszolg\u00e1lat, panaszbejelent\u00e9s:<\/p><p>\u00a0<\/p><\/td><td width=\"623\"><p>\u00a0<\/p><p><a href=\"mailto:hello@emirateslivings.com\">hello@emirateslivings.com<\/a> ; tel: +36(70) 407 6972<\/p><p>\u00a0<\/p><\/td><\/tr><\/tbody><\/table><p>Weboldal: \u00a0\u00a0\u00a0\u00a0\u00a0\u00a0\u00a0\u00a0\u00a0\u00a0\u00a0\u00a0\u00a0\u00a0\u00a0\u00a0\u00a0\u00a0\u00a0\u00a0\u00a0\u00a0\u00a0\u00a0\u00a0\u00a0\u00a0\u00a0\u00a0\u00a0\u00a0\u00a0\u00a0\u00a0\u00a0\u00a0\u00a0\u00a0\u00a0\u00a0\u00a0\u00a0\u00a0\u00a0 <a href=\"https:\/\/emirateslivings.com\/en\/\">https:\/\/emirateslivings.com\/<\/a><\/p><p>T\u00e1rhelyszolg\u00e1ltat\u00f3: \u00a0\u00a0\u00a0\u00a0\u00a0\u00a0\u00a0\u00a0\u00a0\u00a0\u00a0\u00a0\u00a0\u00a0\u00a0\u00a0\u00a0\u00a0\u00a0\u00a0\u00a0\u00a0\u00a0\u00a0 Rackhost Zrt.<\/p><p>T\u00e1rhelyszolg\u00e1ltat\u00f3 el\u00e9rhet\u0151s\u00e9ge: <a href=\"mailto:info@rackhost.hu\">info@rackhost.hu<\/a> ; tel.: +36(1) 445 1200<\/p><p>T\u00e1rhelyszolg\u00e1ltat\u00f3 adatkezel\u00e9se: <a href=\"https:\/\/www.rackhost.hu\/privacy-policy\">https:\/\/www.rackhost.hu\/privacy-policy<\/a><\/p>\t\t\t\t\t\t\t\t<\/div>\n\t\t\t\t<\/div>\n\t\t\t\t\t<\/div>\n\t\t\t\t<\/div>\n\t\t\t\t<\/div>","protected":false},"excerpt":{"rendered":"<p>Impresszum \u00dczemeltet\u0151: C\u00e9gjegyz\u00e9k: Ad\u00f3sz\u00e1m: Host My Place Kft. 01-09-428887 32527676-1-42 Sz\u00e9khelye: 1082 Budapest, Leonardo da Vinci utca 7., 1.\/ 14. \u00dcgyf\u00e9lszolg\u00e1lat, panaszbejelent\u00e9s: \u00a0 \u00a0 hello@emirateslivings.com ; tel: +36(70) 407 6972 \u00a0 Weboldal: \u00a0\u00a0\u00a0\u00a0\u00a0\u00a0\u00a0\u00a0\u00a0\u00a0\u00a0\u00a0\u00a0\u00a0\u00a0\u00a0\u00a0\u00a0\u00a0\u00a0\u00a0\u00a0\u00a0\u00a0\u00a0\u00a0\u00a0\u00a0\u00a0\u00a0\u00a0\u00a0\u00a0\u00a0\u00a0\u00a0\u00a0\u00a0\u00a0\u00a0\u00a0\u00a0\u00a0\u00a0 https:\/\/emirateslivings.com\/ T\u00e1rhelyszolg\u00e1ltat\u00f3: \u00a0\u00a0\u00a0\u00a0\u00a0\u00a0\u00a0\u00a0\u00a0\u00a0\u00a0\u00a0\u00a0\u00a0\u00a0\u00a0\u00a0\u00a0\u00a0\u00a0\u00a0\u00a0\u00a0\u00a0 Rackhost Zrt. T\u00e1rhelyszolg\u00e1ltat\u00f3 el\u00e9rhet\u0151s\u00e9ge: info@rackhost.hu ; tel.: +36(1) 445 1200 T\u00e1rhelyszolg\u00e1ltat\u00f3 adatkezel\u00e9se: https:\/\/www.rackhost.hu\/privacy-policy<\/p>","protected":false},"author":1,"featured_media":0,"parent":0,"menu_order":0,"comment_status":"closed","ping_status":"closed","template":"","meta":{"footnotes":""},"class_list":["post-1220","page","type-page","status-publish","hentry"],"yoast_head":"<!-- This site is optimized with the Yoast SEO Premium plugin v27.3 (Yoast SEO v27.3) - https:\/\/yoast.com\/product\/yoast-seo-premium-wordpress\/ -->\n<title>Impresszum | Emirates Livings<\/title>\n<meta name=\"robots\" content=\"index, follow, max-snippet:-1, max-image-preview:large, max-video-preview:-1\" \/>\n<link rel=\"canonical\" href=\"https:\/\/emirateslivings.com\/en\/impresszum\/\" \/>\n<meta property=\"og:locale\" content=\"en_US\" \/>\n<meta property=\"og:type\" content=\"article\" \/>\n<meta property=\"og:title\" content=\"Impresszum\" \/>\n<meta property=\"og:description\" content=\"Impresszum \u00dczemeltet\u0151: C\u00e9gjegyz\u00e9k: Ad\u00f3sz\u00e1m: Host My Place Kft. 01-09-428887 32527676-1-42 Sz\u00e9khelye: 1082 Budapest, Leonardo da Vinci utca 7., 1.\/ 14. \u00dcgyf\u00e9lszolg\u00e1lat, panaszbejelent\u00e9s: \u00a0 \u00a0 hello@emirateslivings.com ; tel: +36(70) 407 6972 \u00a0 Weboldal: \u00a0\u00a0\u00a0\u00a0\u00a0\u00a0\u00a0\u00a0\u00a0\u00a0\u00a0\u00a0\u00a0\u00a0\u00a0\u00a0\u00a0\u00a0\u00a0\u00a0\u00a0\u00a0\u00a0\u00a0\u00a0\u00a0\u00a0\u00a0\u00a0\u00a0\u00a0\u00a0\u00a0\u00a0\u00a0\u00a0\u00a0\u00a0\u00a0\u00a0\u00a0\u00a0\u00a0\u00a0 https:\/\/emirateslivings.com\/ T\u00e1rhelyszolg\u00e1ltat\u00f3: \u00a0\u00a0\u00a0\u00a0\u00a0\u00a0\u00a0\u00a0\u00a0\u00a0\u00a0\u00a0\u00a0\u00a0\u00a0\u00a0\u00a0\u00a0\u00a0\u00a0\u00a0\u00a0\u00a0\u00a0 Rackhost Zrt. T\u00e1rhelyszolg\u00e1ltat\u00f3 el\u00e9rhet\u0151s\u00e9ge: info@rackhost.hu ; tel.: +36(1) 445 1200 T\u00e1rhelyszolg\u00e1ltat\u00f3 adatkezel\u00e9se: https:\/\/www.rackhost.hu\/privacy-policy\" \/>\n<meta property=\"og:url\" content=\"https:\/\/emirateslivings.com\/en\/impresszum\/\" \/>\n<meta property=\"og:site_name\" content=\"Emirates Livings\" \/>\n<meta property=\"article:modified_time\" content=\"2025-05-04T09:08:20+00:00\" \/>\n<meta property=\"og:image\" content=\"https:\/\/emirateslivings.com\/wp-content\/uploads\/2025\/03\/EL_Logo_OUTLINED.webp\" \/>\n\t<meta property=\"og:image:width\" content=\"2244\" \/>\n\t<meta property=\"og:image:height\" content=\"2244\" \/>\n\t<meta property=\"og:image:type\" content=\"image\/webp\" \/>\n<meta name=\"twitter:card\" content=\"summary_large_image\" \/>\n<script type=\"application\/ld+json\" class=\"yoast-schema-graph\">{\"@context\":\"https:\\\/\\\/schema.org\",\"@graph\":[{\"@type\":\"WebPage\",\"@id\":\"https:\\\/\\\/emirateslivings.com\\\/impresszum\\\/\",\"url\":\"https:\\\/\\\/emirateslivings.com\\\/impresszum\\\/\",\"name\":\"Impresszum | Emirates Livings\",\"isPartOf\":{\"@id\":\"https:\\\/\\\/emirateslivings.com\\\/#website\"},\"datePublished\":\"2025-05-04T09:07:08+00:00\",\"dateModified\":\"2025-05-04T09:08:20+00:00\",\"breadcrumb\":{\"@id\":\"https:\\\/\\\/emirateslivings.com\\\/impresszum\\\/#breadcrumb\"},\"inLanguage\":\"en-US\",\"potentialAction\":[{\"@type\":\"ReadAction\",\"target\":[\"https:\\\/\\\/emirateslivings.com\\\/impresszum\\\/\"]}]},{\"@type\":\"BreadcrumbList\",\"@id\":\"https:\\\/\\\/emirateslivings.com\\\/impresszum\\\/#breadcrumb\",\"itemListElement\":[{\"@type\":\"ListItem\",\"position\":1,\"name\":\"Kezd\u0151lap\",\"item\":\"https:\\\/\\\/emirateslivings.com\\\/\"},{\"@type\":\"ListItem\",\"position\":2,\"name\":\"Impresszum\"}]},{\"@type\":\"WebSite\",\"@id\":\"https:\\\/\\\/emirateslivings.com\\\/#website\",\"url\":\"https:\\\/\\\/emirateslivings.com\\\/\",\"name\":\"Emirates Livings\",\"description\":\"Pr\u00e9mium ingatlankezel\u00e9si \u00e9s r\u00f6vid t\u00e1v\u00fa kiad\u00e1si szolg\u00e1ltat\u00e1sok.\",\"publisher\":{\"@id\":\"https:\\\/\\\/emirateslivings.com\\\/#organization\"},\"potentialAction\":[{\"@type\":\"SearchAction\",\"target\":{\"@type\":\"EntryPoint\",\"urlTemplate\":\"https:\\\/\\\/emirateslivings.com\\\/?s={search_term_string}\"},\"query-input\":{\"@type\":\"PropertyValueSpecification\",\"valueRequired\":true,\"valueName\":\"search_term_string\"}}],\"inLanguage\":\"en-US\"},{\"@type\":\"Organization\",\"@id\":\"https:\\\/\\\/emirateslivings.com\\\/#organization\",\"name\":\"Emirates Livings\",\"url\":\"https:\\\/\\\/emirateslivings.com\\\/\",\"logo\":{\"@type\":\"ImageObject\",\"inLanguage\":\"en-US\",\"@id\":\"https:\\\/\\\/emirateslivings.com\\\/#\\\/schema\\\/logo\\\/image\\\/\",\"url\":\"https:\\\/\\\/emirateslivings.com\\\/wp-content\\\/uploads\\\/2025\\\/03\\\/EML_logo.png\",\"contentUrl\":\"https:\\\/\\\/emirateslivings.com\\\/wp-content\\\/uploads\\\/2025\\\/03\\\/EML_logo.png\",\"width\":1080,\"height\":1080,\"caption\":\"Emirates Livings\"},\"image\":{\"@id\":\"https:\\\/\\\/emirateslivings.com\\\/#\\\/schema\\\/logo\\\/image\\\/\"}}]}<\/script>\n<!-- \/ Yoast SEO Premium plugin. -->","yoast_head_json":{"title":"Impresszum | Emirates Livings","robots":{"index":"index","follow":"follow","max-snippet":"max-snippet:-1","max-image-preview":"max-image-preview:large","max-video-preview":"max-video-preview:-1"},"canonical":"https:\/\/emirateslivings.com\/en\/impresszum\/","og_locale":"en_US","og_type":"article","og_title":"Impresszum","og_description":"Impresszum \u00dczemeltet\u0151: C\u00e9gjegyz\u00e9k: Ad\u00f3sz\u00e1m: Host My Place Kft. 01-09-428887 32527676-1-42 Sz\u00e9khelye: 1082 Budapest, Leonardo da Vinci utca 7., 1.\/ 14. \u00dcgyf\u00e9lszolg\u00e1lat, panaszbejelent\u00e9s: \u00a0 \u00a0 hello@emirateslivings.com ; tel: +36(70) 407 6972 \u00a0 Weboldal: \u00a0\u00a0\u00a0\u00a0\u00a0\u00a0\u00a0\u00a0\u00a0\u00a0\u00a0\u00a0\u00a0\u00a0\u00a0\u00a0\u00a0\u00a0\u00a0\u00a0\u00a0\u00a0\u00a0\u00a0\u00a0\u00a0\u00a0\u00a0\u00a0\u00a0\u00a0\u00a0\u00a0\u00a0\u00a0\u00a0\u00a0\u00a0\u00a0\u00a0\u00a0\u00a0\u00a0\u00a0 https:\/\/emirateslivings.com\/ T\u00e1rhelyszolg\u00e1ltat\u00f3: \u00a0\u00a0\u00a0\u00a0\u00a0\u00a0\u00a0\u00a0\u00a0\u00a0\u00a0\u00a0\u00a0\u00a0\u00a0\u00a0\u00a0\u00a0\u00a0\u00a0\u00a0\u00a0\u00a0\u00a0 Rackhost Zrt. T\u00e1rhelyszolg\u00e1ltat\u00f3 el\u00e9rhet\u0151s\u00e9ge: info@rackhost.hu ; tel.: +36(1) 445 1200 T\u00e1rhelyszolg\u00e1ltat\u00f3 adatkezel\u00e9se: https:\/\/www.rackhost.hu\/privacy-policy","og_url":"https:\/\/emirateslivings.com\/en\/impresszum\/","og_site_name":"Emirates Livings","article_modified_time":"2025-05-04T09:08:20+00:00","og_image":[{"width":2244,"height":2244,"url":"https:\/\/emirateslivings.com\/wp-content\/uploads\/2025\/03\/EL_Logo_OUTLINED.webp","type":"image\/webp"}],"twitter_card":"summary_large_image","schema":{"@context":"https:\/\/schema.org","@graph":[{"@type":"WebPage","@id":"https:\/\/emirateslivings.com\/impresszum\/","url":"https:\/\/emirateslivings.com\/impresszum\/","name":"Impresszum | Emirates Livings","isPartOf":{"@id":"https:\/\/emirateslivings.com\/#website"},"datePublished":"2025-05-04T09:07:08+00:00","dateModified":"2025-05-04T09:08:20+00:00","breadcrumb":{"@id":"https:\/\/emirateslivings.com\/impresszum\/#breadcrumb"},"inLanguage":"en-US","potentialAction":[{"@type":"ReadAction","target":["https:\/\/emirateslivings.com\/impresszum\/"]}]},{"@type":"BreadcrumbList","@id":"https:\/\/emirateslivings.com\/impresszum\/#breadcrumb","itemListElement":[{"@type":"ListItem","position":1,"name":"Kezd\u0151lap","item":"https:\/\/emirateslivings.com\/"},{"@type":"ListItem","position":2,"name":"Impresszum"}]},{"@type":"WebSite","@id":"https:\/\/emirateslivings.com\/#website","url":"https:\/\/emirateslivings.com\/","name":"Emirates Livings","description":"Pr\u00e9mium ingatlankezel\u00e9si \u00e9s r\u00f6vid t\u00e1v\u00fa kiad\u00e1si szolg\u00e1ltat\u00e1sok.","publisher":{"@id":"https:\/\/emirateslivings.com\/#organization"},"potentialAction":[{"@type":"SearchAction","target":{"@type":"EntryPoint","urlTemplate":"https:\/\/emirateslivings.com\/?s={search_term_string}"},"query-input":{"@type":"PropertyValueSpecification","valueRequired":true,"valueName":"search_term_string"}}],"inLanguage":"en-US"},{"@type":"Organization","@id":"https:\/\/emirateslivings.com\/#organization","name":"Emirates Livings","url":"https:\/\/emirateslivings.com\/","logo":{"@type":"ImageObject","inLanguage":"en-US","@id":"https:\/\/emirateslivings.com\/#\/schema\/logo\/image\/","url":"https:\/\/emirateslivings.com\/wp-content\/uploads\/2025\/03\/EML_logo.png","contentUrl":"https:\/\/emirateslivings.com\/wp-content\/uploads\/2025\/03\/EML_logo.png","width":1080,"height":1080,"caption":"Emirates Livings"},"image":{"@id":"https:\/\/emirateslivings.com\/#\/schema\/logo\/image\/"}}]}},"_links":{"self":[{"href":"https:\/\/emirateslivings.com\/en\/wp-json\/wp\/v2\/pages\/1220","targetHints":{"allow":["GET"]}}],"collection":[{"href":"https:\/\/emirateslivings.com\/en\/wp-json\/wp\/v2\/pages"}],"about":[{"href":"https:\/\/emirateslivings.com\/en\/wp-json\/wp\/v2\/types\/page"}],"author":[{"embeddable":true,"href":"https:\/\/emirateslivings.com\/en\/wp-json\/wp\/v2\/users\/1"}],"replies":[{"embeddable":true,"href":"https:\/\/emirateslivings.com\/en\/wp-json\/wp\/v2\/comments?post=1220"}],"version-history":[{"count":4,"href":"https:\/\/emirateslivings.com\/en\/wp-json\/wp\/v2\/pages\/1220\/revisions"}],"predecessor-version":[{"id":1224,"href":"https:\/\/emirateslivings.com\/en\/wp-json\/wp\/v2\/pages\/1220\/revisions\/1224"}],"wp:attachment":[{"href":"https:\/\/emirateslivings.com\/en\/wp-json\/wp\/v2\/media?parent=1220"}],"curies":[{"name":"wp","href":"https:\/\/api.w.org\/{rel}","templated":true}]}}