{"id":1413,"date":"2025-11-14T18:00:42","date_gmt":"2025-11-14T17:00:42","guid":{"rendered":"https:\/\/emirateslivings.com\/?page_id=1413"},"modified":"2025-12-08T17:05:04","modified_gmt":"2025-12-08T16:05:04","slug":"csapat","status":"publish","type":"page","link":"https:\/\/emirateslivings.com\/en\/csapat\/","title":{"rendered":"TEAM"},"content":{"rendered":"<div data-elementor-type=\"wp-page\" data-elementor-id=\"1413\" class=\"elementor elementor-1413\" data-elementor-post-type=\"page\">\n\t\t\t\t<div class=\"elementor-element elementor-element-4d8f2ce2 e-flex e-con-boxed e-con e-parent\" data-id=\"4d8f2ce2\" data-element_type=\"container\" data-e-type=\"container\" id=\"us\" data-settings=\"{&quot;background_background&quot;:&quot;classic&quot;}\">\n\t\t\t\t\t<div class=\"e-con-inner\">\n\t\t\t\t<div class=\"elementor-element elementor-element-16b2e6f9 elementor-widget elementor-widget-heading\" data-id=\"16b2e6f9\" data-element_type=\"widget\" data-e-type=\"widget\" data-widget_type=\"heading.default\">\n\t\t\t\t<div class=\"elementor-widget-container\">\n\t\t\t\t\t<h3 class=\"elementor-heading-title elementor-size-default\">The Team<\/h3>\t\t\t\t<\/div>\n\t\t\t\t<\/div>\n\t\t\t\t<div class=\"elementor-element elementor-element-68efb185 elementor-widget elementor-widget-text-editor\" data-id=\"68efb185\" data-element_type=\"widget\" data-e-type=\"widget\" data-widget_type=\"text-editor.default\">\n\t\t\t\t<div class=\"elementor-widget-container\">\n\t\t\t\t\t\t\t\t\t<p>At Emirates Livings, we are passionate about providing premium quality short-term rental properties. With over 5 years of experience and 103+ managed properties, we know exactly how to maximise income while minimising stress for owners.<\/p>\t\t\t\t\t\t\t\t<\/div>\n\t\t\t\t<\/div>\n\t\t<div class=\"elementor-element elementor-element-eccbde4 e-con-full e-flex e-con e-child\" data-id=\"eccbde4\" data-element_type=\"container\" data-e-type=\"container\">\n\t\t<div class=\"elementor-element elementor-element-de9a198 e-grid e-con-full e-con e-child\" data-id=\"de9a198\" data-element_type=\"container\" data-e-type=\"container\">\n\t\t<div class=\"elementor-element elementor-element-53cc2e8 e-con-full e-flex e-con e-child\" data-id=\"53cc2e8\" data-element_type=\"container\" data-e-type=\"container\">\n\t\t\t\t<div class=\"elementor-element elementor-element-abdea8a elementor-widget elementor-widget-image\" data-id=\"abdea8a\" data-element_type=\"widget\" data-e-type=\"widget\" data-widget_type=\"image.default\">\n\t\t\t\t<div class=\"elementor-widget-container\">\n\t\t\t\t\t\t\t\t\t\t\t\t\t\t\t<img fetchpriority=\"high\" decoding=\"async\" width=\"800\" height=\"800\" src=\"https:\/\/emirateslivings.com\/wp-content\/uploads\/2025\/03\/WhatsApp-Image-2025-03-24-at-21.44.11_bd59e26e-1024x1024.jpg\" class=\"attachment-large size-large wp-image-1044\" alt=\"\" srcset=\"https:\/\/emirateslivings.com\/wp-content\/uploads\/2025\/03\/WhatsApp-Image-2025-03-24-at-21.44.11_bd59e26e-1024x1024.jpg 1024w, https:\/\/emirateslivings.com\/wp-content\/uploads\/2025\/03\/WhatsApp-Image-2025-03-24-at-21.44.11_bd59e26e-300x300.jpg 300w, https:\/\/emirateslivings.com\/wp-content\/uploads\/2025\/03\/WhatsApp-Image-2025-03-24-at-21.44.11_bd59e26e-150x150.jpg 150w, https:\/\/emirateslivings.com\/wp-content\/uploads\/2025\/03\/WhatsApp-Image-2025-03-24-at-21.44.11_bd59e26e-768x768.jpg 768w, https:\/\/emirateslivings.com\/wp-content\/uploads\/2025\/03\/WhatsApp-Image-2025-03-24-at-21.44.11_bd59e26e.jpg 1080w\" sizes=\"(max-width: 800px) 100vw, 800px\" \/>\t\t\t\t\t\t\t\t\t\t\t\t\t\t\t<\/div>\n\t\t\t\t<\/div>\n\t\t\t\t<div class=\"elementor-element elementor-element-67f1edf elementor-widget elementor-widget-heading\" data-id=\"67f1edf\" data-element_type=\"widget\" data-e-type=\"widget\" data-widget_type=\"heading.default\">\n\t\t\t\t<div class=\"elementor-widget-container\">\n\t\t\t\t\t<h2 class=\"elementor-heading-title elementor-size-default\">Domb\u00f3v\u00e1ri Szabolcs\n<\/h2>\t\t\t\t<\/div>\n\t\t\t\t<\/div>\n\t\t\t\t<div class=\"elementor-element elementor-element-137c608 elementor-widget elementor-widget-text-editor\" data-id=\"137c608\" data-element_type=\"widget\" data-e-type=\"widget\" data-widget_type=\"text-editor.default\">\n\t\t\t\t<div class=\"elementor-widget-container\">\n\t\t\t\t\t\t\t\t\t<p>Head of Sales<\/p>\t\t\t\t\t\t\t\t<\/div>\n\t\t\t\t<\/div>\n\t\t\t\t<\/div>\n\t\t<div class=\"elementor-element elementor-element-67a62eb e-con-full e-flex e-con e-child\" data-id=\"67a62eb\" data-element_type=\"container\" data-e-type=\"container\">\n\t\t\t\t<div class=\"elementor-element elementor-element-b1f9a24 elementor-widget elementor-widget-image\" data-id=\"b1f9a24\" data-element_type=\"widget\" data-e-type=\"widget\" data-widget_type=\"image.default\">\n\t\t\t\t<div class=\"elementor-widget-container\">\n\t\t\t\t\t\t\t\t\t\t\t\t\t\t\t<img decoding=\"async\" width=\"800\" height=\"800\" src=\"https:\/\/emirateslivings.com\/wp-content\/uploads\/2025\/03\/WhatsApp-Image-2025-03-24-at-21.47.13_50553e85-1-1024x1024.jpg\" class=\"attachment-large size-large wp-image-1058\" alt=\"\" srcset=\"https:\/\/emirateslivings.com\/wp-content\/uploads\/2025\/03\/WhatsApp-Image-2025-03-24-at-21.47.13_50553e85-1-1024x1024.jpg 1024w, https:\/\/emirateslivings.com\/wp-content\/uploads\/2025\/03\/WhatsApp-Image-2025-03-24-at-21.47.13_50553e85-1-300x300.jpg 300w, https:\/\/emirateslivings.com\/wp-content\/uploads\/2025\/03\/WhatsApp-Image-2025-03-24-at-21.47.13_50553e85-1-150x150.jpg 150w, https:\/\/emirateslivings.com\/wp-content\/uploads\/2025\/03\/WhatsApp-Image-2025-03-24-at-21.47.13_50553e85-1-768x768.jpg 768w, https:\/\/emirateslivings.com\/wp-content\/uploads\/2025\/03\/WhatsApp-Image-2025-03-24-at-21.47.13_50553e85-1.jpg 1080w\" sizes=\"(max-width: 800px) 100vw, 800px\" \/>\t\t\t\t\t\t\t\t\t\t\t\t\t\t\t<\/div>\n\t\t\t\t<\/div>\n\t\t\t\t<div class=\"elementor-element elementor-element-8b5166b elementor-widget elementor-widget-heading\" data-id=\"8b5166b\" data-element_type=\"widget\" data-e-type=\"widget\" data-widget_type=\"heading.default\">\n\t\t\t\t<div class=\"elementor-widget-container\">\n\t\t\t\t\t<h2 class=\"elementor-heading-title elementor-size-default\">Pusk\u00e1s B\u00e1lint<\/h2>\t\t\t\t<\/div>\n\t\t\t\t<\/div>\n\t\t\t\t<div class=\"elementor-element elementor-element-8c85056 elementor-widget elementor-widget-text-editor\" data-id=\"8c85056\" data-element_type=\"widget\" data-e-type=\"widget\" data-widget_type=\"text-editor.default\">\n\t\t\t\t<div class=\"elementor-widget-container\">\n\t\t\t\t\t\t\t\t\t<p>COO<\/p>\t\t\t\t\t\t\t\t<\/div>\n\t\t\t\t<\/div>\n\t\t\t\t<\/div>\n\t\t<div class=\"elementor-element elementor-element-6d6dcd7 e-con-full e-flex e-con e-child\" data-id=\"6d6dcd7\" data-element_type=\"container\" data-e-type=\"container\">\n\t\t\t\t<div class=\"elementor-element elementor-element-b6a0bba elementor-widget elementor-widget-image\" data-id=\"b6a0bba\" data-element_type=\"widget\" data-e-type=\"widget\" data-widget_type=\"image.default\">\n\t\t\t\t<div class=\"elementor-widget-container\">\n\t\t\t\t\t\t\t\t\t\t\t\t\t\t\t<img decoding=\"async\" width=\"800\" height=\"800\" src=\"https:\/\/emirateslivings.com\/wp-content\/uploads\/2025\/11\/Peter-Jen.jpg\" class=\"attachment-large size-large wp-image-1415\" alt=\"\" srcset=\"https:\/\/emirateslivings.com\/wp-content\/uploads\/2025\/11\/Peter-Jen.jpg 1000w, https:\/\/emirateslivings.com\/wp-content\/uploads\/2025\/11\/Peter-Jen-300x300.jpg 300w, https:\/\/emirateslivings.com\/wp-content\/uploads\/2025\/11\/Peter-Jen-150x150.jpg 150w, https:\/\/emirateslivings.com\/wp-content\/uploads\/2025\/11\/Peter-Jen-768x768.jpg 768w\" sizes=\"(max-width: 800px) 100vw, 800px\" \/>\t\t\t\t\t\t\t\t\t\t\t\t\t\t\t<\/div>\n\t\t\t\t<\/div>\n\t\t\t\t<div class=\"elementor-element elementor-element-210daff elementor-widget elementor-widget-heading\" data-id=\"210daff\" data-element_type=\"widget\" data-e-type=\"widget\" data-widget_type=\"heading.default\">\n\t\t\t\t<div class=\"elementor-widget-container\">\n\t\t\t\t\t<h2 class=\"elementor-heading-title elementor-size-default\">Jen P\u00e9ter<\/h2>\t\t\t\t<\/div>\n\t\t\t\t<\/div>\n\t\t\t\t<div class=\"elementor-element elementor-element-1662850 elementor-widget elementor-widget-text-editor\" data-id=\"1662850\" data-element_type=\"widget\" data-e-type=\"widget\" data-widget_type=\"text-editor.default\">\n\t\t\t\t<div class=\"elementor-widget-container\">\n\t\t\t\t\t\t\t\t\t<p>CEO<\/p>\t\t\t\t\t\t\t\t<\/div>\n\t\t\t\t<\/div>\n\t\t\t\t<\/div>\n\t\t\t\t<\/div>\n\t\t<div class=\"elementor-element elementor-element-d99fb8f e-grid e-con-full e-con e-child\" data-id=\"d99fb8f\" data-element_type=\"container\" data-e-type=\"container\">\n\t\t<div class=\"elementor-element elementor-element-ffd9230 e-con-full e-flex e-con e-child\" data-id=\"ffd9230\" data-element_type=\"container\" data-e-type=\"container\">\n\t\t\t\t<div class=\"elementor-element elementor-element-016e60d elementor-widget elementor-widget-image\" data-id=\"016e60d\" data-element_type=\"widget\" data-e-type=\"widget\" data-widget_type=\"image.default\">\n\t\t\t\t<div class=\"elementor-widget-container\">\n\t\t\t\t\t\t\t\t\t\t\t\t\t\t\t<img loading=\"lazy\" decoding=\"async\" width=\"800\" height=\"800\" src=\"https:\/\/emirateslivings.com\/wp-content\/uploads\/2025\/03\/Nevtelen-terv9-1024x1024.png\" class=\"attachment-large size-large wp-image-751\" alt=\"\" srcset=\"https:\/\/emirateslivings.com\/wp-content\/uploads\/2025\/03\/Nevtelen-terv9-1024x1024.png 1024w, https:\/\/emirateslivings.com\/wp-content\/uploads\/2025\/03\/Nevtelen-terv9-300x300.png 300w, https:\/\/emirateslivings.com\/wp-content\/uploads\/2025\/03\/Nevtelen-terv9-150x150.png 150w, https:\/\/emirateslivings.com\/wp-content\/uploads\/2025\/03\/Nevtelen-terv9-768x768.png 768w, https:\/\/emirateslivings.com\/wp-content\/uploads\/2025\/03\/Nevtelen-terv9.png 1080w\" sizes=\"(max-width: 800px) 100vw, 800px\" \/>\t\t\t\t\t\t\t\t\t\t\t\t\t\t\t<\/div>\n\t\t\t\t<\/div>\n\t\t\t\t<div class=\"elementor-element elementor-element-e07cba3 elementor-widget elementor-widget-heading\" data-id=\"e07cba3\" data-element_type=\"widget\" data-e-type=\"widget\" data-widget_type=\"heading.default\">\n\t\t\t\t<div class=\"elementor-widget-container\">\n\t\t\t\t\t<h2 class=\"elementor-heading-title elementor-size-default\">Major judit<\/h2>\t\t\t\t<\/div>\n\t\t\t\t<\/div>\n\t\t\t\t<div class=\"elementor-element elementor-element-7abd8d3 elementor-widget elementor-widget-text-editor\" data-id=\"7abd8d3\" data-element_type=\"widget\" data-e-type=\"widget\" data-widget_type=\"text-editor.default\">\n\t\t\t\t<div class=\"elementor-widget-container\">\n\t\t\t\t\t\t\t\t\t<p>Head of Property Management<\/p>\t\t\t\t\t\t\t\t<\/div>\n\t\t\t\t<\/div>\n\t\t\t\t<\/div>\n\t\t<div class=\"elementor-element elementor-element-07cbb73 e-con-full e-flex e-con e-child\" data-id=\"07cbb73\" data-element_type=\"container\" data-e-type=\"container\">\n\t\t\t\t<div class=\"elementor-element elementor-element-b1f4359 elementor-widget elementor-widget-image\" data-id=\"b1f4359\" data-element_type=\"widget\" data-e-type=\"widget\" data-widget_type=\"image.default\">\n\t\t\t\t<div class=\"elementor-widget-container\">\n\t\t\t\t\t\t\t\t\t\t\t\t\t\t\t<img loading=\"lazy\" decoding=\"async\" width=\"800\" height=\"800\" src=\"https:\/\/emirateslivings.com\/wp-content\/uploads\/2025\/03\/WhatsApp-Image-2025-03-24-at-21.43.13_6ae5678a-1024x1024.jpg\" class=\"attachment-large size-large wp-image-1045\" alt=\"\" srcset=\"https:\/\/emirateslivings.com\/wp-content\/uploads\/2025\/03\/WhatsApp-Image-2025-03-24-at-21.43.13_6ae5678a-1024x1024.jpg 1024w, https:\/\/emirateslivings.com\/wp-content\/uploads\/2025\/03\/WhatsApp-Image-2025-03-24-at-21.43.13_6ae5678a-300x300.jpg 300w, https:\/\/emirateslivings.com\/wp-content\/uploads\/2025\/03\/WhatsApp-Image-2025-03-24-at-21.43.13_6ae5678a-150x150.jpg 150w, https:\/\/emirateslivings.com\/wp-content\/uploads\/2025\/03\/WhatsApp-Image-2025-03-24-at-21.43.13_6ae5678a-768x768.jpg 768w, https:\/\/emirateslivings.com\/wp-content\/uploads\/2025\/03\/WhatsApp-Image-2025-03-24-at-21.43.13_6ae5678a.jpg 1080w\" sizes=\"(max-width: 800px) 100vw, 800px\" \/>\t\t\t\t\t\t\t\t\t\t\t\t\t\t\t<\/div>\n\t\t\t\t<\/div>\n\t\t\t\t<div class=\"elementor-element elementor-element-07d0c76 elementor-widget elementor-widget-heading\" data-id=\"07d0c76\" data-element_type=\"widget\" data-e-type=\"widget\" data-widget_type=\"heading.default\">\n\t\t\t\t<div class=\"elementor-widget-container\">\n\t\t\t\t\t<h2 class=\"elementor-heading-title elementor-size-default\">Rimai Dorottya<\/h2>\t\t\t\t<\/div>\n\t\t\t\t<\/div>\n\t\t\t\t<div class=\"elementor-element elementor-element-f507e48 elementor-widget elementor-widget-text-editor\" data-id=\"f507e48\" data-element_type=\"widget\" data-e-type=\"widget\" data-widget_type=\"text-editor.default\">\n\t\t\t\t<div class=\"elementor-widget-container\">\n\t\t\t\t\t\t\t\t\t<p>Head of Guest Satisfaction<\/p>\t\t\t\t\t\t\t\t<\/div>\n\t\t\t\t<\/div>\n\t\t\t\t<\/div>\n\t\t\t\t<\/div>\n\t\t\t\t<\/div>\n\t\t\t\t\t<\/div>\n\t\t\t\t<\/div>\n\t\t\t\t<\/div>","protected":false},"excerpt":{"rendered":"<p>A csapat Az Emirates Livings-n\u00e9l szenved\u00e9ly\u00fcnk a pr\u00e9mium min\u0151s\u00e9g\u0171 r\u00f6vid t\u00e1v\u00fa lak\u00e1skiad\u00e1s. T\u00f6bb mint 5 \u00e9ves tapasztalattal \u00e9s 103+ kezelt lak\u00e1ssal pontosan tudjuk, hogyan maximaliz\u00e1ljuk a bev\u00e9telt, mik\u00f6zben minimaliz\u00e1ljuk a tulajdonosok stressz\u00e9t. Domb\u00f3v\u00e1ri Szabolcs Head of Sales Pusk\u00e1s B\u00e1lint COO Jen P\u00e9ter CEO Major judit Head of Property Management Rimai Dorottya Head of Guest Satisfaction<\/p>","protected":false},"author":3,"featured_media":0,"parent":0,"menu_order":0,"comment_status":"closed","ping_status":"closed","template":"","meta":{"footnotes":""},"class_list":["post-1413","page","type-page","status-publish","hentry"],"yoast_head":"<!-- This site is optimized with the Yoast SEO Premium plugin v27.3 (Yoast SEO v27.3) - https:\/\/yoast.com\/product\/yoast-seo-premium-wordpress\/ -->\n<title>Csapat | Emirates Livings<\/title>\n<meta name=\"robots\" content=\"index, follow, max-snippet:-1, max-image-preview:large, max-video-preview:-1\" \/>\n<link rel=\"canonical\" href=\"https:\/\/emirateslivings.com\/en\/csapat\/\" \/>\n<meta property=\"og:locale\" content=\"en_US\" \/>\n<meta property=\"og:type\" content=\"article\" \/>\n<meta property=\"og:title\" content=\"Csapat\" \/>\n<meta property=\"og:description\" content=\"A csapat Az Emirates Livings-n\u00e9l szenved\u00e9ly\u00fcnk a pr\u00e9mium min\u0151s\u00e9g\u0171 r\u00f6vid t\u00e1v\u00fa lak\u00e1skiad\u00e1s. T\u00f6bb mint 5 \u00e9ves tapasztalattal \u00e9s 103+ kezelt lak\u00e1ssal pontosan tudjuk, hogyan maximaliz\u00e1ljuk a bev\u00e9telt, mik\u00f6zben minimaliz\u00e1ljuk a tulajdonosok stressz\u00e9t. Domb\u00f3v\u00e1ri Szabolcs Head of Sales Pusk\u00e1s B\u00e1lint COO Jen P\u00e9ter CEO Major judit Head of Property Management Rimai Dorottya Head of Guest Satisfaction\" \/>\n<meta property=\"og:url\" content=\"https:\/\/emirateslivings.com\/en\/csapat\/\" \/>\n<meta property=\"og:site_name\" content=\"Emirates Livings\" \/>\n<meta property=\"article:modified_time\" content=\"2025-12-08T16:05:04+00:00\" \/>\n<meta property=\"og:image\" content=\"https:\/\/emirateslivings.com\/wp-content\/uploads\/2025\/03\/WhatsApp-Image-2025-03-24-at-21.44.11_bd59e26e-1024x1024.jpg\" \/>\n<meta name=\"twitter:card\" content=\"summary_large_image\" \/>\n<script type=\"application\/ld+json\" class=\"yoast-schema-graph\">{\"@context\":\"https:\\\/\\\/schema.org\",\"@graph\":[{\"@type\":\"WebPage\",\"@id\":\"https:\\\/\\\/emirateslivings.com\\\/csapat\\\/\",\"url\":\"https:\\\/\\\/emirateslivings.com\\\/csapat\\\/\",\"name\":\"Csapat | Emirates Livings\",\"isPartOf\":{\"@id\":\"https:\\\/\\\/emirateslivings.com\\\/#website\"},\"primaryImageOfPage\":{\"@id\":\"https:\\\/\\\/emirateslivings.com\\\/csapat\\\/#primaryimage\"},\"image\":{\"@id\":\"https:\\\/\\\/emirateslivings.com\\\/csapat\\\/#primaryimage\"},\"thumbnailUrl\":\"https:\\\/\\\/emirateslivings.com\\\/wp-content\\\/uploads\\\/2025\\\/03\\\/WhatsApp-Image-2025-03-24-at-21.44.11_bd59e26e-1024x1024.jpg\",\"datePublished\":\"2025-11-14T17:00:42+00:00\",\"dateModified\":\"2025-12-08T16:05:04+00:00\",\"breadcrumb\":{\"@id\":\"https:\\\/\\\/emirateslivings.com\\\/csapat\\\/#breadcrumb\"},\"inLanguage\":\"en-US\",\"potentialAction\":[{\"@type\":\"ReadAction\",\"target\":[\"https:\\\/\\\/emirateslivings.com\\\/csapat\\\/\"]}]},{\"@type\":\"ImageObject\",\"inLanguage\":\"en-US\",\"@id\":\"https:\\\/\\\/emirateslivings.com\\\/csapat\\\/#primaryimage\",\"url\":\"https:\\\/\\\/emirateslivings.com\\\/wp-content\\\/uploads\\\/2025\\\/03\\\/WhatsApp-Image-2025-03-24-at-21.44.11_bd59e26e-1024x1024.jpg\",\"contentUrl\":\"https:\\\/\\\/emirateslivings.com\\\/wp-content\\\/uploads\\\/2025\\\/03\\\/WhatsApp-Image-2025-03-24-at-21.44.11_bd59e26e-1024x1024.jpg\"},{\"@type\":\"BreadcrumbList\",\"@id\":\"https:\\\/\\\/emirateslivings.com\\\/csapat\\\/#breadcrumb\",\"itemListElement\":[{\"@type\":\"ListItem\",\"position\":1,\"name\":\"Kezd\u0151lap\",\"item\":\"https:\\\/\\\/emirateslivings.com\\\/\"},{\"@type\":\"ListItem\",\"position\":2,\"name\":\"Csapat\"}]},{\"@type\":\"WebSite\",\"@id\":\"https:\\\/\\\/emirateslivings.com\\\/#website\",\"url\":\"https:\\\/\\\/emirateslivings.com\\\/\",\"name\":\"Emirates Livings\",\"description\":\"Pr\u00e9mium ingatlankezel\u00e9si \u00e9s r\u00f6vid t\u00e1v\u00fa kiad\u00e1si szolg\u00e1ltat\u00e1sok.\",\"publisher\":{\"@id\":\"https:\\\/\\\/emirateslivings.com\\\/#organization\"},\"potentialAction\":[{\"@type\":\"SearchAction\",\"target\":{\"@type\":\"EntryPoint\",\"urlTemplate\":\"https:\\\/\\\/emirateslivings.com\\\/?s={search_term_string}\"},\"query-input\":{\"@type\":\"PropertyValueSpecification\",\"valueRequired\":true,\"valueName\":\"search_term_string\"}}],\"inLanguage\":\"en-US\"},{\"@type\":\"Organization\",\"@id\":\"https:\\\/\\\/emirateslivings.com\\\/#organization\",\"name\":\"Emirates Livings\",\"url\":\"https:\\\/\\\/emirateslivings.com\\\/\",\"logo\":{\"@type\":\"ImageObject\",\"inLanguage\":\"en-US\",\"@id\":\"https:\\\/\\\/emirateslivings.com\\\/#\\\/schema\\\/logo\\\/image\\\/\",\"url\":\"https:\\\/\\\/emirateslivings.com\\\/wp-content\\\/uploads\\\/2025\\\/03\\\/EML_logo.png\",\"contentUrl\":\"https:\\\/\\\/emirateslivings.com\\\/wp-content\\\/uploads\\\/2025\\\/03\\\/EML_logo.png\",\"width\":1080,\"height\":1080,\"caption\":\"Emirates Livings\"},\"image\":{\"@id\":\"https:\\\/\\\/emirateslivings.com\\\/#\\\/schema\\\/logo\\\/image\\\/\"}}]}<\/script>\n<!-- \/ Yoast SEO Premium plugin. -->","yoast_head_json":{"title":"Csapat | Emirates Livings","robots":{"index":"index","follow":"follow","max-snippet":"max-snippet:-1","max-image-preview":"max-image-preview:large","max-video-preview":"max-video-preview:-1"},"canonical":"https:\/\/emirateslivings.com\/en\/csapat\/","og_locale":"en_US","og_type":"article","og_title":"Csapat","og_description":"A csapat Az Emirates Livings-n\u00e9l szenved\u00e9ly\u00fcnk a pr\u00e9mium min\u0151s\u00e9g\u0171 r\u00f6vid t\u00e1v\u00fa lak\u00e1skiad\u00e1s. T\u00f6bb mint 5 \u00e9ves tapasztalattal \u00e9s 103+ kezelt lak\u00e1ssal pontosan tudjuk, hogyan maximaliz\u00e1ljuk a bev\u00e9telt, mik\u00f6zben minimaliz\u00e1ljuk a tulajdonosok stressz\u00e9t. Domb\u00f3v\u00e1ri Szabolcs Head of Sales Pusk\u00e1s B\u00e1lint COO Jen P\u00e9ter CEO Major judit Head of Property Management Rimai Dorottya Head of Guest Satisfaction","og_url":"https:\/\/emirateslivings.com\/en\/csapat\/","og_site_name":"Emirates Livings","article_modified_time":"2025-12-08T16:05:04+00:00","og_image":[{"url":"https:\/\/emirateslivings.com\/wp-content\/uploads\/2025\/03\/WhatsApp-Image-2025-03-24-at-21.44.11_bd59e26e-1024x1024.jpg","type":"","width":"","height":""}],"twitter_card":"summary_large_image","schema":{"@context":"https:\/\/schema.org","@graph":[{"@type":"WebPage","@id":"https:\/\/emirateslivings.com\/csapat\/","url":"https:\/\/emirateslivings.com\/csapat\/","name":"Csapat | Emirates Livings","isPartOf":{"@id":"https:\/\/emirateslivings.com\/#website"},"primaryImageOfPage":{"@id":"https:\/\/emirateslivings.com\/csapat\/#primaryimage"},"image":{"@id":"https:\/\/emirateslivings.com\/csapat\/#primaryimage"},"thumbnailUrl":"https:\/\/emirateslivings.com\/wp-content\/uploads\/2025\/03\/WhatsApp-Image-2025-03-24-at-21.44.11_bd59e26e-1024x1024.jpg","datePublished":"2025-11-14T17:00:42+00:00","dateModified":"2025-12-08T16:05:04+00:00","breadcrumb":{"@id":"https:\/\/emirateslivings.com\/csapat\/#breadcrumb"},"inLanguage":"en-US","potentialAction":[{"@type":"ReadAction","target":["https:\/\/emirateslivings.com\/csapat\/"]}]},{"@type":"ImageObject","inLanguage":"en-US","@id":"https:\/\/emirateslivings.com\/csapat\/#primaryimage","url":"https:\/\/emirateslivings.com\/wp-content\/uploads\/2025\/03\/WhatsApp-Image-2025-03-24-at-21.44.11_bd59e26e-1024x1024.jpg","contentUrl":"https:\/\/emirateslivings.com\/wp-content\/uploads\/2025\/03\/WhatsApp-Image-2025-03-24-at-21.44.11_bd59e26e-1024x1024.jpg"},{"@type":"BreadcrumbList","@id":"https:\/\/emirateslivings.com\/csapat\/#breadcrumb","itemListElement":[{"@type":"ListItem","position":1,"name":"Kezd\u0151lap","item":"https:\/\/emirateslivings.com\/"},{"@type":"ListItem","position":2,"name":"Csapat"}]},{"@type":"WebSite","@id":"https:\/\/emirateslivings.com\/#website","url":"https:\/\/emirateslivings.com\/","name":"Emirates Livings","description":"Pr\u00e9mium ingatlankezel\u00e9si \u00e9s r\u00f6vid t\u00e1v\u00fa kiad\u00e1si szolg\u00e1ltat\u00e1sok.","publisher":{"@id":"https:\/\/emirateslivings.com\/#organization"},"potentialAction":[{"@type":"SearchAction","target":{"@type":"EntryPoint","urlTemplate":"https:\/\/emirateslivings.com\/?s={search_term_string}"},"query-input":{"@type":"PropertyValueSpecification","valueRequired":true,"valueName":"search_term_string"}}],"inLanguage":"en-US"},{"@type":"Organization","@id":"https:\/\/emirateslivings.com\/#organization","name":"Emirates Livings","url":"https:\/\/emirateslivings.com\/","logo":{"@type":"ImageObject","inLanguage":"en-US","@id":"https:\/\/emirateslivings.com\/#\/schema\/logo\/image\/","url":"https:\/\/emirateslivings.com\/wp-content\/uploads\/2025\/03\/EML_logo.png","contentUrl":"https:\/\/emirateslivings.com\/wp-content\/uploads\/2025\/03\/EML_logo.png","width":1080,"height":1080,"caption":"Emirates Livings"},"image":{"@id":"https:\/\/emirateslivings.com\/#\/schema\/logo\/image\/"}}]}},"_links":{"self":[{"href":"https:\/\/emirateslivings.com\/en\/wp-json\/wp\/v2\/pages\/1413","targetHints":{"allow":["GET"]}}],"collection":[{"href":"https:\/\/emirateslivings.com\/en\/wp-json\/wp\/v2\/pages"}],"about":[{"href":"https:\/\/emirateslivings.com\/en\/wp-json\/wp\/v2\/types\/page"}],"author":[{"embeddable":true,"href":"https:\/\/emirateslivings.com\/en\/wp-json\/wp\/v2\/users\/3"}],"replies":[{"embeddable":true,"href":"https:\/\/emirateslivings.com\/en\/wp-json\/wp\/v2\/comments?post=1413"}],"version-history":[{"count":67,"href":"https:\/\/emirateslivings.com\/en\/wp-json\/wp\/v2\/pages\/1413\/revisions"}],"predecessor-version":[{"id":1986,"href":"https:\/\/emirateslivings.com\/en\/wp-json\/wp\/v2\/pages\/1413\/revisions\/1986"}],"wp:attachment":[{"href":"https:\/\/emirateslivings.com\/en\/wp-json\/wp\/v2\/media?parent=1413"}],"curies":[{"name":"wp","href":"https:\/\/api.w.org\/{rel}","templated":true}]}}