{"id":577,"date":"2025-03-15T16:28:00","date_gmt":"2025-03-15T15:28:00","guid":{"rendered":"https:\/\/emirateslivings.com\/?page_id=577"},"modified":"2026-02-05T18:36:06","modified_gmt":"2026-02-05T17:36:06","slug":"kapcsolat","status":"publish","type":"page","link":"https:\/\/emirateslivings.com\/en\/kapcsolat\/","title":{"rendered":"Manage My Property"},"content":{"rendered":"\t\t<div data-elementor-type=\"wp-page\" data-elementor-id=\"577\" class=\"elementor elementor-577\" data-elementor-post-type=\"page\">\n\t\t\t\t<div class=\"elementor-element elementor-element-79cdffbf e-con-full e-flex e-con e-parent\" data-id=\"79cdffbf\" data-element_type=\"container\" data-e-type=\"container\" id=\"home\" data-settings=\"{&quot;background_background&quot;:&quot;classic&quot;}\">\n\t\t<div class=\"elementor-element elementor-element-5808fe6b e-flex e-con-boxed e-con e-child\" data-id=\"5808fe6b\" data-element_type=\"container\" data-e-type=\"container\">\n\t\t\t\t\t<div class=\"e-con-inner\">\n\t\t<div class=\"elementor-element elementor-element-d6ec12e e-con-full e-flex e-con e-child\" data-id=\"d6ec12e\" data-element_type=\"container\" data-e-type=\"container\">\n\t\t<div class=\"elementor-element elementor-element-1e99ae8 e-con-full e-flex e-con e-child\" data-id=\"1e99ae8\" data-element_type=\"container\" data-e-type=\"container\">\n\t\t\t\t<div class=\"elementor-element elementor-element-27599694 elementor-widget__width-initial elementor-widget elementor-widget-heading\" data-id=\"27599694\" data-element_type=\"widget\" data-e-type=\"widget\" data-widget_type=\"heading.default\">\n\t\t\t\t<div class=\"elementor-widget-container\">\n\t\t\t\t\t<h2 class=\"elementor-heading-title elementor-size-default\">Vedd fel vel\u00fcnk <br>a kapcsolatot<\/h2>\t\t\t\t<\/div>\n\t\t\t\t<\/div>\n\t\t\t\t<div class=\"elementor-element elementor-element-a9b5bc4 elementor-widget elementor-widget-text-editor\" data-id=\"a9b5bc4\" data-element_type=\"widget\" data-e-type=\"widget\" data-widget_type=\"text-editor.default\">\n\t\t\t\t<div class=\"elementor-widget-container\">\n\t\t\t\t\t\t\t\t\t<p>K\u00e9rd\u00e9sed van? Seg\u00edt\u00fcnk! Szak\u00e9rt\u0151 csapatunk \u00f6r\u00f6mmel v\u00e1laszol minden megkeres\u00e9sre.<\/p>\t\t\t\t\t\t\t\t<\/div>\n\t\t\t\t<\/div>\n\t\t\t\t<div class=\"elementor-element elementor-element-5adf762 elementor-widget elementor-widget-text-editor\" data-id=\"5adf762\" data-element_type=\"widget\" data-e-type=\"widget\" data-widget_type=\"text-editor.default\">\n\t\t\t\t<div class=\"elementor-widget-container\">\n\t\t\t\t\t\t\t\t\t<ul><li class=\"whitespace-normal break-words\">Ingyenes, szem\u00e9lyre szabott tan\u00e1csad\u00e1s<\/li><li class=\"whitespace-normal break-words\">Konkr\u00e9t sz\u00e1mokkal al\u00e1t\u00e1masztott bev\u00e9telbecsl\u00e9s<\/li><li class=\"whitespace-normal break-words\">T\u00f6bb mint 87 el\u00e9gedett partner tapasztalata<\/li><li class=\"whitespace-normal break-words\">\u00c1tl\u00e1that\u00f3 felt\u00e9telek, rejtett k\u00f6lts\u00e9gek n\u00e9lk\u00fcl<\/li><\/ul>\t\t\t\t\t\t\t\t<\/div>\n\t\t\t\t<\/div>\n\t\t\t\t<\/div>\n\t\t<div class=\"elementor-element elementor-element-33be3d0 e-con-full e-flex e-con e-child\" data-id=\"33be3d0\" data-element_type=\"container\" data-e-type=\"container\" data-settings=\"{&quot;background_background&quot;:&quot;classic&quot;}\">\n\t\t\t\t<div class=\"elementor-element elementor-element-4101d5bd elementor-button-align-stretch elementor-widget elementor-widget-form\" data-id=\"4101d5bd\" data-element_type=\"widget\" data-e-type=\"widget\" data-settings=\"{&quot;button_width&quot;:&quot;40&quot;,&quot;step_next_label&quot;:&quot;K\\u00f6vetkez\\u0151&quot;,&quot;step_previous_label&quot;:&quot;El\\u0151z\\u0151&quot;,&quot;step_type&quot;:&quot;number_text&quot;,&quot;step_icon_shape&quot;:&quot;circle&quot;}\" data-widget_type=\"form.default\">\n\t\t\t\t<div class=\"elementor-widget-container\">\n\t\t\t\t\t\t\t<form class=\"elementor-form\" method=\"post\" name=\"Kapcsolat\" aria-label=\"Kapcsolat\">\n\t\t\t<input type=\"hidden\" name=\"post_id\" value=\"577\"\/>\n\t\t\t<input type=\"hidden\" name=\"form_id\" value=\"4101d5bd\"\/>\n\t\t\t<input type=\"hidden\" name=\"referer_title\" value=\"Kapcsolat | Emirates Livings\" \/>\n\n\t\t\t\t\t\t\t<input type=\"hidden\" name=\"queried_id\" value=\"577\"\/>\n\t\t\t\n\t\t\t<div class=\"elementor-form-fields-wrapper elementor-labels-above\">\n\t\t\t\t\t\t\t\t<div class=\"elementor-field-type-text elementor-field-group elementor-column elementor-field-group-name elementor-col-80\">\n\t\t\t\t\t\t\t\t\t\t\t\t<label for=\"form-field-name\" class=\"elementor-field-label\">\n\t\t\t\t\t\t\t\tN\u00e9v\t\t\t\t\t\t\t<\/label>\n\t\t\t\t\t\t\t\t\t\t\t\t\t\t<input size=\"1\" type=\"text\" name=\"form_fields[name]\" id=\"form-field-name\" class=\"elementor-field elementor-size-sm  elementor-field-textual\" placeholder=\"N\u00e9v\">\n\t\t\t\t\t\t\t\t\t\t\t<\/div>\n\t\t\t\t\t\t\t\t<div class=\"elementor-field-type-text elementor-field-group elementor-column elementor-field-group-field_a93dd30 elementor-col-80\">\n\t\t\t\t\t\t\t\t\t\t\t\t<label for=\"form-field-field_a93dd30\" class=\"elementor-field-label\">\n\t\t\t\t\t\t\t\tTelefonsz\u00e1m\t\t\t\t\t\t\t<\/label>\n\t\t\t\t\t\t\t\t\t\t\t\t\t\t<input size=\"1\" type=\"text\" name=\"form_fields[field_a93dd30]\" id=\"form-field-field_a93dd30\" class=\"elementor-field elementor-size-sm  elementor-field-textual\" placeholder=\"Telefonsz\u00e1m\">\n\t\t\t\t\t\t\t\t\t\t\t<\/div>\n\t\t\t\t\t\t\t\t<div class=\"elementor-field-type-email elementor-field-group elementor-column elementor-field-group-email elementor-col-80 elementor-field-required\">\n\t\t\t\t\t\t\t\t\t\t\t\t<label for=\"form-field-email\" class=\"elementor-field-label\">\n\t\t\t\t\t\t\t\tEmail\t\t\t\t\t\t\t<\/label>\n\t\t\t\t\t\t\t\t\t\t\t\t\t\t<input size=\"1\" type=\"email\" name=\"form_fields[email]\" id=\"form-field-email\" class=\"elementor-field elementor-size-sm  elementor-field-textual\" placeholder=\"Email\" required=\"required\">\n\t\t\t\t\t\t\t\t\t\t\t<\/div>\n\t\t\t\t\t\t\t\t<div class=\"elementor-field-type-textarea elementor-field-group elementor-column elementor-field-group-message elementor-col-80\">\n\t\t\t\t\t\t\t\t\t\t\t\t<label for=\"form-field-message\" class=\"elementor-field-label\">\n\t\t\t\t\t\t\t\t\u00dczenet\t\t\t\t\t\t\t<\/label>\n\t\t\t\t\t\t<textarea class=\"elementor-field-textual elementor-field  elementor-size-sm\" name=\"form_fields[message]\" id=\"form-field-message\" rows=\"4\" placeholder=\"\u00dczenet\"><\/textarea>\t\t\t\t<\/div>\n\t\t\t\t\t\t\t\t<div class=\"elementor-field-type-acceptance elementor-field-group elementor-column elementor-field-group-field_744cb14 elementor-col-100 elementor-field-required\">\n\t\t\t\t\t\t\t<div class=\"elementor-field-subgroup\">\n\t\t\t<span class=\"elementor-field-option\">\n\t\t\t\t<input type=\"checkbox\" name=\"form_fields[field_744cb14]\" id=\"form-field-field_744cb14\" class=\"elementor-field elementor-size-sm  elementor-acceptance-field\" required=\"required\">\n\t\t\t\t<label for=\"form-field-field_744cb14\">Adatkezel\u00e9si nyilatkozat elfogad\u00e1sa<\/label>\t\t\t<\/span>\n\t\t<\/div>\n\t\t\t\t\t\t<\/div>\n\t\t\t\t\t\t\t\t<div class=\"elementor-field-group elementor-column elementor-field-type-submit elementor-col-40 e-form__buttons\">\n\t\t\t\t\t<button class=\"elementor-button elementor-size-sm\" type=\"submit\">\n\t\t\t\t\t\t<span class=\"elementor-button-content-wrapper\">\n\t\t\t\t\t\t\t\t\t\t\t\t\t\t\t\t\t\t\t\t\t\t<span class=\"elementor-button-text\">Kapcsolat<\/span>\n\t\t\t\t\t\t\t\t\t\t\t\t\t<\/span>\n\t\t\t\t\t<\/button>\n\t\t\t\t<\/div>\n\t\t\t<\/div>\n\t\t<\/form>\n\t\t\t\t\t\t<\/div>\n\t\t\t\t<\/div>\n\t\t\t\t<\/div>\n\t\t\t\t<\/div>\n\t\t\t\t\t<\/div>\n\t\t\t\t<\/div>\n\t\t\t\t<\/div>\n\t\t<div class=\"elementor-element elementor-element-93da612 e-grid e-con-boxed e-con e-parent\" data-id=\"93da612\" data-element_type=\"container\" data-e-type=\"container\" data-settings=\"{&quot;background_background&quot;:&quot;classic&quot;}\">\n\t\t\t\t\t<div class=\"e-con-inner\">\n\t\t\t\t<div class=\"elementor-element elementor-element-150db4b elementor-widget elementor-widget-counter\" data-id=\"150db4b\" data-element_type=\"widget\" data-e-type=\"widget\" data-widget_type=\"counter.default\">\n\t\t\t\t<div class=\"elementor-widget-container\">\n\t\t\t\t\t\t\t<div class=\"elementor-counter\">\n\t\t\t<div class=\"elementor-counter-title\">\u00d3r\u00e1n bel\u00fcl v\u00e1laszolunk<\/div>\t\t\t<div class=\"elementor-counter-number-wrapper\">\n\t\t\t\t<span class=\"elementor-counter-number-prefix\"><\/span>\n\t\t\t\t<span class=\"elementor-counter-number\" data-duration=\"2000\" data-to-value=\"24\" data-from-value=\"0\" data-delimiter=\",\">0<\/span>\n\t\t\t\t<span class=\"elementor-counter-number-suffix\"><\/span>\n\t\t\t<\/div>\n\t\t<\/div>\n\t\t\t\t\t\t<\/div>\n\t\t\t\t<\/div>\n\t\t\t\t<div class=\"elementor-element elementor-element-46d3cff elementor-widget elementor-widget-counter\" data-id=\"46d3cff\" data-element_type=\"widget\" data-e-type=\"widget\" data-widget_type=\"counter.default\">\n\t\t\t\t<div class=\"elementor-widget-container\">\n\t\t\t\t\t\t\t<div class=\"elementor-counter\">\n\t\t\t<div class=\"elementor-counter-title\">\u00dcgyf\u00e9l-el\u00e9gedetts\u00e9g\u00fcnk<\/div>\t\t\t<div class=\"elementor-counter-number-wrapper\">\n\t\t\t\t<span class=\"elementor-counter-number-prefix\"><\/span>\n\t\t\t\t<span class=\"elementor-counter-number\" data-duration=\"2000\" data-to-value=\"98\" data-from-value=\"0\" data-delimiter=\",\">0<\/span>\n\t\t\t\t<span class=\"elementor-counter-number-suffix\">%<\/span>\n\t\t\t<\/div>\n\t\t<\/div>\n\t\t\t\t\t\t<\/div>\n\t\t\t\t<\/div>\n\t\t\t\t<div class=\"elementor-element elementor-element-a3c7078 elementor-widget elementor-widget-counter\" data-id=\"a3c7078\" data-element_type=\"widget\" data-e-type=\"widget\" data-widget_type=\"counter.default\">\n\t\t\t\t<div class=\"elementor-widget-container\">\n\t\t\t\t\t\t\t<div class=\"elementor-counter\">\n\t\t\t<div class=\"elementor-counter-title\">\u00c1tlagos profit n\u00f6veked\u00e9s <\/div>\t\t\t<div class=\"elementor-counter-number-wrapper\">\n\t\t\t\t<span class=\"elementor-counter-number-prefix\"><\/span>\n\t\t\t\t<span class=\"elementor-counter-number\" data-duration=\"2000\" data-to-value=\"50\" data-from-value=\"0\" data-delimiter=\",\">0<\/span>\n\t\t\t\t<span class=\"elementor-counter-number-suffix\">%<\/span>\n\t\t\t<\/div>\n\t\t<\/div>\n\t\t\t\t\t\t<\/div>\n\t\t\t\t<\/div>\n\t\t\t\t\t<\/div>\n\t\t\t\t<\/div>\n\t\t\t\t<\/div>\n\t\t","protected":false},"excerpt":{"rendered":"<p>Vedd fel vel\u00fcnk a kapcsolatot K\u00e9rd\u00e9sed van? Seg\u00edt\u00fcnk! Szak\u00e9rt\u0151 csapatunk \u00f6r\u00f6mmel v\u00e1laszol minden megkeres\u00e9sre. Ingyenes, szem\u00e9lyre szabott tan\u00e1csad\u00e1s Konkr\u00e9t sz\u00e1mokkal al\u00e1t\u00e1masztott bev\u00e9telbecsl\u00e9s T\u00f6bb mint 87 el\u00e9gedett partner tapasztalata \u00c1tl\u00e1that\u00f3 felt\u00e9telek, rejtett k\u00f6lts\u00e9gek n\u00e9lk\u00fcl \u00d3r\u00e1n bel\u00fcl v\u00e1laszolunk 0 \u00dcgyf\u00e9l-el\u00e9gedetts\u00e9g\u00fcnk 0 % \u00c1tlagos profit n\u00f6veked\u00e9s 0 %<\/p>","protected":false},"author":1,"featured_media":0,"parent":0,"menu_order":0,"comment_status":"closed","ping_status":"closed","template":"","meta":{"footnotes":""},"class_list":["post-577","page","type-page","status-publish","hentry"],"yoast_head":"<!-- This site is optimized with the Yoast SEO Premium plugin v27.3 (Yoast SEO v27.3) - https:\/\/yoast.com\/product\/yoast-seo-premium-wordpress\/ -->\n<title>Kapcsolat | Emirates Livings<\/title>\n<meta name=\"robots\" content=\"index, follow, max-snippet:-1, max-image-preview:large, max-video-preview:-1\" \/>\n<link rel=\"canonical\" href=\"https:\/\/emirateslivings.com\/en\/kapcsolat\/\" \/>\n<meta property=\"og:locale\" content=\"en_US\" \/>\n<meta property=\"og:type\" content=\"article\" \/>\n<meta property=\"og:title\" content=\"Kapcsolat\" \/>\n<meta property=\"og:description\" content=\"Vedd fel vel\u00fcnk a kapcsolatot K\u00e9rd\u00e9sed van? Seg\u00edt\u00fcnk! Szak\u00e9rt\u0151 csapatunk \u00f6r\u00f6mmel v\u00e1laszol minden megkeres\u00e9sre. Ingyenes, szem\u00e9lyre szabott tan\u00e1csad\u00e1s Konkr\u00e9t sz\u00e1mokkal al\u00e1t\u00e1masztott bev\u00e9telbecsl\u00e9s T\u00f6bb mint 87 el\u00e9gedett partner tapasztalata \u00c1tl\u00e1that\u00f3 felt\u00e9telek, rejtett k\u00f6lts\u00e9gek n\u00e9lk\u00fcl \u00d3r\u00e1n bel\u00fcl v\u00e1laszolunk 0 \u00dcgyf\u00e9l-el\u00e9gedetts\u00e9g\u00fcnk 0 % \u00c1tlagos profit n\u00f6veked\u00e9s 0 %\" \/>\n<meta property=\"og:url\" content=\"https:\/\/emirateslivings.com\/en\/kapcsolat\/\" \/>\n<meta property=\"og:site_name\" content=\"Emirates Livings\" \/>\n<meta property=\"article:modified_time\" content=\"2026-02-05T17:36:06+00:00\" \/>\n<meta property=\"og:image\" content=\"https:\/\/emirateslivings.com\/wp-content\/uploads\/2025\/03\/EL_Logo_OUTLINED.webp\" \/>\n\t<meta property=\"og:image:width\" content=\"2244\" \/>\n\t<meta property=\"og:image:height\" content=\"2244\" \/>\n\t<meta property=\"og:image:type\" content=\"image\/webp\" \/>\n<meta name=\"twitter:card\" content=\"summary_large_image\" \/>\n<meta name=\"twitter:label1\" content=\"Est. reading time\" \/>\n\t<meta name=\"twitter:data1\" content=\"1 minute\" \/>\n<script type=\"application\/ld+json\" class=\"yoast-schema-graph\">{\"@context\":\"https:\\\/\\\/schema.org\",\"@graph\":[{\"@type\":\"WebPage\",\"@id\":\"https:\\\/\\\/emirateslivings.com\\\/kapcsolat\\\/\",\"url\":\"https:\\\/\\\/emirateslivings.com\\\/kapcsolat\\\/\",\"name\":\"Kapcsolat | Emirates Livings\",\"isPartOf\":{\"@id\":\"https:\\\/\\\/emirateslivings.com\\\/#website\"},\"datePublished\":\"2025-03-15T15:28:00+00:00\",\"dateModified\":\"2026-02-05T17:36:06+00:00\",\"breadcrumb\":{\"@id\":\"https:\\\/\\\/emirateslivings.com\\\/kapcsolat\\\/#breadcrumb\"},\"inLanguage\":\"en-US\",\"potentialAction\":[{\"@type\":\"ReadAction\",\"target\":[\"https:\\\/\\\/emirateslivings.com\\\/kapcsolat\\\/\"]}]},{\"@type\":\"BreadcrumbList\",\"@id\":\"https:\\\/\\\/emirateslivings.com\\\/kapcsolat\\\/#breadcrumb\",\"itemListElement\":[{\"@type\":\"ListItem\",\"position\":1,\"name\":\"Kezd\u0151lap\",\"item\":\"https:\\\/\\\/emirateslivings.com\\\/\"},{\"@type\":\"ListItem\",\"position\":2,\"name\":\"Kapcsolat\"}]},{\"@type\":\"WebSite\",\"@id\":\"https:\\\/\\\/emirateslivings.com\\\/#website\",\"url\":\"https:\\\/\\\/emirateslivings.com\\\/\",\"name\":\"Emirates Livings\",\"description\":\"Pr\u00e9mium ingatlankezel\u00e9si \u00e9s r\u00f6vid t\u00e1v\u00fa kiad\u00e1si szolg\u00e1ltat\u00e1sok.\",\"publisher\":{\"@id\":\"https:\\\/\\\/emirateslivings.com\\\/#organization\"},\"potentialAction\":[{\"@type\":\"SearchAction\",\"target\":{\"@type\":\"EntryPoint\",\"urlTemplate\":\"https:\\\/\\\/emirateslivings.com\\\/?s={search_term_string}\"},\"query-input\":{\"@type\":\"PropertyValueSpecification\",\"valueRequired\":true,\"valueName\":\"search_term_string\"}}],\"inLanguage\":\"en-US\"},{\"@type\":\"Organization\",\"@id\":\"https:\\\/\\\/emirateslivings.com\\\/#organization\",\"name\":\"Emirates Livings\",\"url\":\"https:\\\/\\\/emirateslivings.com\\\/\",\"logo\":{\"@type\":\"ImageObject\",\"inLanguage\":\"en-US\",\"@id\":\"https:\\\/\\\/emirateslivings.com\\\/#\\\/schema\\\/logo\\\/image\\\/\",\"url\":\"https:\\\/\\\/emirateslivings.com\\\/wp-content\\\/uploads\\\/2025\\\/03\\\/EML_logo.png\",\"contentUrl\":\"https:\\\/\\\/emirateslivings.com\\\/wp-content\\\/uploads\\\/2025\\\/03\\\/EML_logo.png\",\"width\":1080,\"height\":1080,\"caption\":\"Emirates Livings\"},\"image\":{\"@id\":\"https:\\\/\\\/emirateslivings.com\\\/#\\\/schema\\\/logo\\\/image\\\/\"}}]}<\/script>\n<!-- \/ Yoast SEO Premium plugin. -->","yoast_head_json":{"title":"Kapcsolat | Emirates Livings","robots":{"index":"index","follow":"follow","max-snippet":"max-snippet:-1","max-image-preview":"max-image-preview:large","max-video-preview":"max-video-preview:-1"},"canonical":"https:\/\/emirateslivings.com\/en\/kapcsolat\/","og_locale":"en_US","og_type":"article","og_title":"Kapcsolat","og_description":"Vedd fel vel\u00fcnk a kapcsolatot K\u00e9rd\u00e9sed van? Seg\u00edt\u00fcnk! Szak\u00e9rt\u0151 csapatunk \u00f6r\u00f6mmel v\u00e1laszol minden megkeres\u00e9sre. Ingyenes, szem\u00e9lyre szabott tan\u00e1csad\u00e1s Konkr\u00e9t sz\u00e1mokkal al\u00e1t\u00e1masztott bev\u00e9telbecsl\u00e9s T\u00f6bb mint 87 el\u00e9gedett partner tapasztalata \u00c1tl\u00e1that\u00f3 felt\u00e9telek, rejtett k\u00f6lts\u00e9gek n\u00e9lk\u00fcl \u00d3r\u00e1n bel\u00fcl v\u00e1laszolunk 0 \u00dcgyf\u00e9l-el\u00e9gedetts\u00e9g\u00fcnk 0 % \u00c1tlagos profit n\u00f6veked\u00e9s 0 %","og_url":"https:\/\/emirateslivings.com\/en\/kapcsolat\/","og_site_name":"Emirates Livings","article_modified_time":"2026-02-05T17:36:06+00:00","og_image":[{"width":2244,"height":2244,"url":"https:\/\/emirateslivings.com\/wp-content\/uploads\/2025\/03\/EL_Logo_OUTLINED.webp","type":"image\/webp"}],"twitter_card":"summary_large_image","twitter_misc":{"Est. reading time":"1 minute"},"schema":{"@context":"https:\/\/schema.org","@graph":[{"@type":"WebPage","@id":"https:\/\/emirateslivings.com\/kapcsolat\/","url":"https:\/\/emirateslivings.com\/kapcsolat\/","name":"Kapcsolat | Emirates Livings","isPartOf":{"@id":"https:\/\/emirateslivings.com\/#website"},"datePublished":"2025-03-15T15:28:00+00:00","dateModified":"2026-02-05T17:36:06+00:00","breadcrumb":{"@id":"https:\/\/emirateslivings.com\/kapcsolat\/#breadcrumb"},"inLanguage":"en-US","potentialAction":[{"@type":"ReadAction","target":["https:\/\/emirateslivings.com\/kapcsolat\/"]}]},{"@type":"BreadcrumbList","@id":"https:\/\/emirateslivings.com\/kapcsolat\/#breadcrumb","itemListElement":[{"@type":"ListItem","position":1,"name":"Kezd\u0151lap","item":"https:\/\/emirateslivings.com\/"},{"@type":"ListItem","position":2,"name":"Kapcsolat"}]},{"@type":"WebSite","@id":"https:\/\/emirateslivings.com\/#website","url":"https:\/\/emirateslivings.com\/","name":"Emirates Livings","description":"Pr\u00e9mium ingatlankezel\u00e9si \u00e9s r\u00f6vid t\u00e1v\u00fa kiad\u00e1si szolg\u00e1ltat\u00e1sok.","publisher":{"@id":"https:\/\/emirateslivings.com\/#organization"},"potentialAction":[{"@type":"SearchAction","target":{"@type":"EntryPoint","urlTemplate":"https:\/\/emirateslivings.com\/?s={search_term_string}"},"query-input":{"@type":"PropertyValueSpecification","valueRequired":true,"valueName":"search_term_string"}}],"inLanguage":"en-US"},{"@type":"Organization","@id":"https:\/\/emirateslivings.com\/#organization","name":"Emirates Livings","url":"https:\/\/emirateslivings.com\/","logo":{"@type":"ImageObject","inLanguage":"en-US","@id":"https:\/\/emirateslivings.com\/#\/schema\/logo\/image\/","url":"https:\/\/emirateslivings.com\/wp-content\/uploads\/2025\/03\/EML_logo.png","contentUrl":"https:\/\/emirateslivings.com\/wp-content\/uploads\/2025\/03\/EML_logo.png","width":1080,"height":1080,"caption":"Emirates Livings"},"image":{"@id":"https:\/\/emirateslivings.com\/#\/schema\/logo\/image\/"}}]}},"_links":{"self":[{"href":"https:\/\/emirateslivings.com\/en\/wp-json\/wp\/v2\/pages\/577","targetHints":{"allow":["GET"]}}],"collection":[{"href":"https:\/\/emirateslivings.com\/en\/wp-json\/wp\/v2\/pages"}],"about":[{"href":"https:\/\/emirateslivings.com\/en\/wp-json\/wp\/v2\/types\/page"}],"author":[{"embeddable":true,"href":"https:\/\/emirateslivings.com\/en\/wp-json\/wp\/v2\/users\/1"}],"replies":[{"embeddable":true,"href":"https:\/\/emirateslivings.com\/en\/wp-json\/wp\/v2\/comments?post=577"}],"version-history":[{"count":43,"href":"https:\/\/emirateslivings.com\/en\/wp-json\/wp\/v2\/pages\/577\/revisions"}],"predecessor-version":[{"id":2172,"href":"https:\/\/emirateslivings.com\/en\/wp-json\/wp\/v2\/pages\/577\/revisions\/2172"}],"wp:attachment":[{"href":"https:\/\/emirateslivings.com\/en\/wp-json\/wp\/v2\/media?parent=577"}],"curies":[{"name":"wp","href":"https:\/\/api.w.org\/{rel}","templated":true}]}}